{"id":8181,"date":"2022-12-05T22:01:53","date_gmt":"2022-12-05T22:01:53","guid":{"rendered":"https:\/\/sff-camara.com\/sff-learning-solutions\/"},"modified":"2023-03-29T20:31:50","modified_gmt":"2023-03-29T20:31:50","slug":"sff-learning-solutions","status":"publish","type":"page","link":"https:\/\/sff-camara.com\/es\/sff-learning-solutions\/","title":{"rendered":"SFF Learning Solutions"},"content":{"rendered":"\t\t<div data-elementor-type=\"wp-page\" data-elementor-id=\"8181\" class=\"elementor elementor-8181 elementor-2996\">\n\t\t\t\t\t\t<div class=\" elementor-section elementor-top-section elementor-element elementor-element-53dcb55 elementor-section-content-middle alpha-section-stretched elementor-section-full_width elementor-section-height-default elementor-section-height-default\" data-id=\"53dcb55\" data-element_type=\"section\" data-e-type=\"section\" data-settings=\"{&quot;background_background&quot;:&quot;classic&quot;}\">\r\n\t\t\t\t\t\t\t\t<div class=\"elementor-container elementor-column-gap-default\">\r\n\t\t\t\t\r\n\t\t\t\t\t\t\t\t<div class=\" elementor-column elementor-col-100 elementor-top-column elementor-element elementor-element-a814ae \" data-id=\"a814ae\" data-element_type=\"column\" data-e-type=\"column\">\r\n\r\n\t\t\t\t\r\n\t\t\t\t<div class=\"elementor-widget-wrap elementor-element-populated\">\r\n\t\t\t\t\t\t\t\t\t\t\r\n\t\t\t\t\t\t<div class=\"elementor-element elementor-element-dc2ecc3 mb-3 elementor-invisible elementor-widget elementor-widget-heading\" data-id=\"dc2ecc3\" data-element_type=\"widget\" data-e-type=\"widget\" data-settings=\"{&quot;_animation&quot;:&quot;fadeInUpShorter&quot;,&quot;_animation_delay&quot;:500}\" data-widget_type=\"heading.default\">\n\t\t\t\t<div class=\"elementor-widget-container\">\n\t\t\t\t\t<h2 class=\"elementor-heading-title elementor-size-default\">SFF Learning Solutions<\/h2>\t\t\t\t<\/div>\n\t\t\t\t<\/div>\n\t\t\t\t\t\t<\/div>\r\n\t\t\t\t<\/div>\r\n\t\t\t\t\t\t\t\t<\/div>\r\n\t\t\t<\/div>\r\n\t\t\t\t\t<section class=\" elementor-section elementor-top-section elementor-element elementor-element-fff51f5 elementor-section-boxed elementor-section-height-default elementor-section-height-default\" data-id=\"fff51f5\" data-element_type=\"section\" data-e-type=\"section\">\r\n\t\t\t\t\t\t\t\t<div class=\"elementor-container elementor-column-gap-default\">\r\n\t\t\t\t\r\n\t\t\t\t\t\t\t\t<div class=\" elementor-column elementor-col-100 elementor-top-column elementor-element elementor-element-2391b66 \" data-id=\"2391b66\" data-element_type=\"column\" data-e-type=\"column\">\r\n\r\n\t\t\t\t\r\n\t\t\t\t<div class=\"elementor-widget-wrap elementor-element-populated\">\r\n\t\t\t\t\t\t\t\t\t\t\r\n\t\t\t\t\t\t<div class=\"elementor-element elementor-element-cc6b4a2 elementor-widget elementor-widget-spacer\" data-id=\"cc6b4a2\" data-element_type=\"widget\" data-e-type=\"widget\" data-widget_type=\"spacer.default\">\n\t\t\t\t<div class=\"elementor-widget-container\">\n\t\t\t\t\t\t\t<div class=\"elementor-spacer\">\n\t\t\t<div class=\"elementor-spacer-inner\"><\/div>\n\t\t<\/div>\n\t\t\t\t\t\t<\/div>\n\t\t\t\t<\/div>\n\t\t\t\t\t\t<\/div>\r\n\t\t\t\t<\/div>\r\n\t\t\t\t\t\t\t\t<\/div>\r\n\t\t\t<\/section>\r\n\t\t\t\t\t<section class=\" elementor-section elementor-top-section elementor-element elementor-element-3b8ab0ad elementor-section-boxed elementor-section-height-default elementor-section-height-default\" data-id=\"3b8ab0ad\" data-element_type=\"section\" data-e-type=\"section\">\r\n\t\t\t\t\t\t\t\t<div class=\"elementor-container elementor-column-gap-default\">\r\n\t\t\t\t\r\n\t\t\t\t\t\t\t\t<div class=\" elementor-column elementor-col-100 elementor-top-column elementor-element elementor-element-69585f66 \" data-id=\"69585f66\" data-element_type=\"column\" data-e-type=\"column\">\r\n\r\n\t\t\t\t\r\n\t\t\t\t<div class=\"elementor-widget-wrap elementor-element-populated\">\r\n\t\t\t\t\t\t\t\t\t\t\r\n\t\t\t\t\t\t<section class=\" elementor-section elementor-inner-section elementor-element elementor-element-031fab7 elementor-section-boxed elementor-section-height-default elementor-section-height-default\" data-id=\"031fab7\" data-element_type=\"section\" data-e-type=\"section\">\r\n\t\t\t\t\t\t\t\t<div class=\"elementor-container elementor-column-gap-no\">\r\n\t\t\t\t\r\n\t\t\t\t\t\t\t\t<div class=\" elementor-column elementor-col-50 elementor-inner-column elementor-element elementor-element-90c0540 \" data-id=\"90c0540\" data-element_type=\"column\" data-e-type=\"column\">\r\n\r\n\t\t\t\t\r\n\t\t\t\t<div class=\"elementor-widget-wrap elementor-element-populated\">\r\n\t\t\t\t\t\t\t\t\t\t\r\n\t\t\t\t\t\t<div class=\"elementor-element elementor-element-a194660 elementor-widget elementor-widget-image\" data-id=\"a194660\" data-element_type=\"widget\" data-e-type=\"widget\" data-widget_type=\"image.default\">\n\t\t\t\t<div class=\"elementor-widget-container\">\n\t\t\t\t\t\t\t\t\t\t\t\t\t\t\t<img decoding=\"async\" src=\"https:\/\/sff-camara.com\/wp-content\/uploads\/elementor\/thumbs\/Logo-SFF-Learning-Solutions-q0i7yt1tcfojyp8bl9kt4083x1c424v3iq3b3g2e3s.jpg\" title=\"Logo SFF Learning Solutions\" alt=\"Logo SFF Learning Solutions\" loading=\"lazy\" \/>\t\t\t\t\t\t\t\t\t\t\t\t\t\t\t<\/div>\n\t\t\t\t<\/div>\n\t\t\t\t\t\t<\/div>\r\n\t\t\t\t<\/div>\r\n\t\t\t\t\t\t\t\t\t<div class=\" elementor-column elementor-col-50 elementor-inner-column elementor-element elementor-element-8a4ec02 \" data-id=\"8a4ec02\" data-element_type=\"column\" data-e-type=\"column\">\r\n\r\n\t\t\t\t\r\n\t\t\t\t<div class=\"elementor-widget-wrap elementor-element-populated\">\r\n\t\t\t\t\t\t\t\t\t\t\r\n\t\t\t\t\t\t<div class=\"elementor-element elementor-element-be2907a elementor-widget elementor-widget-text-editor\" data-id=\"be2907a\" data-element_type=\"widget\" data-e-type=\"widget\" data-widget_type=\"text-editor.default\">\n\t\t\t\t<div class=\"elementor-widget-container\">\n\t\t\t\t\t\t\t\t\t<p>La C\u00e1mara Oficial de Comercio de Espa\u00f1a en B\u00e9lgica y Luxemburgo lleva a\u00f1os ofreciendo soluciones de formaci\u00f3n, <strong>con el objetivo de contribuir a la promoci\u00f3n del aprendizaje permanente y a la mejora de las competencias profesionales<\/strong> de sus miembros.<\/p>\n<p>Para responder a las necesidades de los miembros del SFF, la C\u00e1mara lanz\u00f3 en el \u00faltimo trimestre de 2022 una oferta de formaciones focalizada en el <strong>sector financiero<\/strong>, denominada \u00abSFF Learning Solutions\u00bb. <\/p>\n\t\t\t\t\t\t\t\t<\/div>\n\t\t\t\t<\/div>\n\t\t\t\t\t\t<\/div>\r\n\t\t\t\t<\/div>\r\n\t\t\t\t\t\t\t\t<\/div>\r\n\t\t\t<\/section>\r\n\t\t\t\t\t\t\t<\/div>\r\n\t\t\t\t<\/div>\r\n\t\t\t\t\t\t\t\t<\/div>\r\n\t\t\t<\/section>\r\n\t\t\t\t\t<section class=\" elementor-section elementor-top-section elementor-element elementor-element-240418b elementor-section-boxed elementor-section-height-default elementor-section-height-default\" data-id=\"240418b\" data-element_type=\"section\" data-e-type=\"section\">\r\n\t\t\t\t\t\t\t\t<div class=\"elementor-container elementor-column-gap-default\">\r\n\t\t\t\t\r\n\t\t\t\t\t\t\t\t<div class=\" elementor-column elementor-col-25 elementor-top-column elementor-element elementor-element-0c6e283 \" data-id=\"0c6e283\" data-element_type=\"column\" data-e-type=\"column\">\r\n\r\n\t\t\t\t\r\n\t\t\t\t<div class=\"elementor-widget-wrap elementor-element-populated\">\r\n\t\t\t\t\t\t\t\t\t\t\r\n\t\t\t\t\t\t<div class=\"elementor-element elementor-element-ca5833c hide-dots-desktop elementor-invisible elementor-widget elementor-widget-udesign_widget_iconbox\" data-id=\"ca5833c\" data-element_type=\"widget\" data-e-type=\"widget\" data-settings=\"{&quot;_animation&quot;:&quot;fadeInUpShorter&quot;,&quot;_animation_delay&quot;:300}\" data-widget_type=\"udesign_widget_iconbox.default\">\n\t\t\t\t<div class=\"elementor-widget-container\">\n\t\t\t\t\t<div class=\"icon-box position-top icon-default float\"><div class=\"icon-box-feature\"><i class=\"fas fa-bullseye\"><\/i><\/div><div class=\"icon-box-content\"><h3 class=\"icon-box-title\">P\u00fablico objetivo<\/h3><p class=\"icon-box-desc\">J\u00f3venes que trabajan en el sector financiero luxemburgu\u00e9s<\/p><\/div><\/div>\t\t\t\t<\/div>\n\t\t\t\t<\/div>\n\t\t\t\t\t\t<\/div>\r\n\t\t\t\t<\/div>\r\n\t\t\t\t\t\t\t\t\t<div class=\" elementor-column elementor-col-25 elementor-top-column elementor-element elementor-element-1b41387 \" data-id=\"1b41387\" data-element_type=\"column\" data-e-type=\"column\">\r\n\r\n\t\t\t\t\r\n\t\t\t\t<div class=\"elementor-widget-wrap elementor-element-populated\">\r\n\t\t\t\t\t\t\t\t\t\t\r\n\t\t\t\t\t\t<div class=\"elementor-element elementor-element-3484bbf elementor-invisible elementor-widget elementor-widget-udesign_widget_iconbox\" data-id=\"3484bbf\" data-element_type=\"widget\" data-e-type=\"widget\" data-settings=\"{&quot;_animation&quot;:&quot;fadeInUpShorter&quot;,&quot;_animation_delay&quot;:600}\" data-widget_type=\"udesign_widget_iconbox.default\">\n\t\t\t\t<div class=\"elementor-widget-container\">\n\t\t\t\t\t<div class=\"icon-box position-top icon-default float\"><div class=\"icon-box-feature\"><i class=\"fas fa-microphone\"><\/i><\/div><div class=\"icon-box-content\"><h3 class=\"icon-box-title\">Ponentes<\/h3><p class=\"icon-box-desc\">Profesionales con una trayectoria consolidada en el sector financiero en Luxemburgo<\/p><\/div><\/div>\t\t\t\t<\/div>\n\t\t\t\t<\/div>\n\t\t\t\t\t\t<\/div>\r\n\t\t\t\t<\/div>\r\n\t\t\t\t\t\t\t\t\t<div class=\" elementor-column elementor-col-25 elementor-top-column elementor-element elementor-element-18c5b41 \" data-id=\"18c5b41\" data-element_type=\"column\" data-e-type=\"column\">\r\n\r\n\t\t\t\t\r\n\t\t\t\t<div class=\"elementor-widget-wrap elementor-element-populated\">\r\n\t\t\t\t\t\t\t\t\t\t\r\n\t\t\t\t\t\t<div class=\"elementor-element elementor-element-c22e22e elementor-invisible elementor-widget elementor-widget-udesign_widget_iconbox\" data-id=\"c22e22e\" data-element_type=\"widget\" data-e-type=\"widget\" data-settings=\"{&quot;_animation&quot;:&quot;fadeInUpShorter&quot;,&quot;_animation_delay&quot;:900}\" data-widget_type=\"udesign_widget_iconbox.default\">\n\t\t\t\t<div class=\"elementor-widget-container\">\n\t\t\t\t\t<div class=\"icon-box position-top icon-default float\"><div class=\"icon-box-feature\"><i class=\"fas fa-check-double\"><\/i><\/div><div class=\"icon-box-content\"><h3 class=\"icon-box-title\">Valor A\u00f1adido<\/h3><p class=\"icon-box-desc\">Responder a las necesidades de nuestras empresas miembros formando a j\u00f3venes talentos que inician su carrera profesional en Luxemburgo en sectores en los que se necesita personal cualificado adaptado a las necesidades del sector financiero del Gran Ducado.<\/p><\/div><\/div>\t\t\t\t<\/div>\n\t\t\t\t<\/div>\n\t\t\t\t\t\t<\/div>\r\n\t\t\t\t<\/div>\r\n\t\t\t\t\t\t\t\t\t<div class=\" elementor-column elementor-col-25 elementor-top-column elementor-element elementor-element-859d63f \" data-id=\"859d63f\" data-element_type=\"column\" data-e-type=\"column\">\r\n\r\n\t\t\t\t\r\n\t\t\t\t<div class=\"elementor-widget-wrap elementor-element-populated\">\r\n\t\t\t\t\t\t\t\t\t\t\r\n\t\t\t\t\t\t<div class=\"elementor-element elementor-element-93596fc elementor-invisible elementor-widget elementor-widget-udesign_widget_iconbox\" data-id=\"93596fc\" data-element_type=\"widget\" data-e-type=\"widget\" data-settings=\"{&quot;_animation&quot;:&quot;fadeInUpShorter&quot;,&quot;_animation_delay&quot;:1200}\" data-widget_type=\"udesign_widget_iconbox.default\">\n\t\t\t\t<div class=\"elementor-widget-container\">\n\t\t\t\t\t<div class=\"icon-box position-top icon-default float\"><div class=\"icon-box-feature\"><i class=\"fas fa-comments\"><\/i><\/div><div class=\"icon-box-content\"><h3 class=\"icon-box-title\">Formato & Contenidos<\/h3><p class=\"icon-box-desc\">Formaciones impartidas en ingl\u00e9s, en formato presencial o h\u00edbrido. Los principales temas tratados son: gobierno corporativo, cumplimiento normativo y capital riesgo. <\/p><\/div><\/div>\t\t\t\t<\/div>\n\t\t\t\t<\/div>\n\t\t\t\t\t\t<\/div>\r\n\t\t\t\t<\/div>\r\n\t\t\t\t\t\t\t\t<\/div>\r\n\t\t\t<\/section>\r\n\t\t\t\t\t<div class=\" elementor-section elementor-top-section elementor-element elementor-element-6f77838 mb-10 pb-7 elementor-section-full_width alpha-section-stretched elementor-section-height-default elementor-section-height-default\" data-id=\"6f77838\" data-element_type=\"section\" data-e-type=\"section\">\r\n\t\t\t\t\t\t\t\t<div class=\"elementor-container elementor-column-gap-default\">\r\n\t\t\t\t\r\n\t\t\t\t\t\t\t\t<div class=\" elementor-column elementor-col-100 elementor-top-column elementor-element elementor-element-5f623a8 \" data-id=\"5f623a8\" data-element_type=\"column\" data-e-type=\"column\" data-settings=\"{&quot;background_background&quot;:&quot;slideshow&quot;,&quot;background_slideshow_gallery&quot;:[],&quot;background_slideshow_loop&quot;:&quot;yes&quot;,&quot;background_slideshow_slide_duration&quot;:5000,&quot;background_slideshow_slide_transition&quot;:&quot;fade&quot;,&quot;background_slideshow_transition_duration&quot;:500}\">\r\n\r\n\t\t\t\t\r\n\t\t\t\t<div class=\"elementor-widget-wrap elementor-element-populated\">\r\n\t\t\t\t\t\t\t\t\t\t\r\n\t\t\t\t\t\t<div class=\"elementor-element elementor-element-fb64f23 h-min-551 elementor-widget__width-initial elementor-widget-mobile__width-initial elementor-invisible elementor-widget elementor-widget-image\" data-id=\"fb64f23\" data-element_type=\"widget\" data-e-type=\"widget\" data-settings=\"{&quot;_animation&quot;:&quot;fadeInLeftShorter&quot;}\" data-widget_type=\"image.default\">\n\t\t\t\t<div class=\"elementor-widget-container\">\n\t\t\t\t\t\t\t\t\t\t\t\t\t\t\t<img decoding=\"async\" src=\"https:\/\/sff-camara.com\/wp-content\/uploads\/elementor\/thumbs\/felicia-varzari-5B0qmh4Hw88-unsplash.jpg-pyszyl2kh0hbkgrweek3ze3quegjqvpemde2f396gw.webp\" title=\"felicia-varzari-5B0qmh4Hw88-unsplash.jpg\" alt=\"felicia-varzari-5B0qmh4Hw88-unsplash.jpg\" loading=\"lazy\" \/>\t\t\t\t\t\t\t\t\t\t\t\t\t\t\t<\/div>\n\t\t\t\t<\/div>\n\t\t\t\t<div class=\"elementor-element elementor-element-7edd552 custom-banner elementor-widget__width-initial elementor-absolute elementor-invisible elementor-widget elementor-widget-udesign_widget_banner\" data-id=\"7edd552\" data-element_type=\"widget\" data-e-type=\"widget\" data-settings=\"{&quot;_position&quot;:&quot;absolute&quot;,&quot;_animation&quot;:&quot;fadeInRightShorter&quot;,&quot;_content_animation&quot;:&quot;none&quot;}\" data-widget_type=\"udesign_widget_banner.default\">\r\n\t\t\t\t<div class=\"elementor-widget-container\">\n\t\t\t\t\t<div class=\"banner banner-fixed\"><div class=\"banner-content t-mc\"><h3 class=\"banner-item elementor-repeater-item-0fc23f3 item-block text\">\u00bfEst\u00e1 interesado en participar en nuestras pr\u00f3ximas sesiones de formaci\u00f3n?<\/h3><p class=\"banner-item elementor-repeater-item-3af1e5d item-block text\">Consulte nuestra agenda para obtener m\u00e1s informaci\u00f3n sobre las pr\u00f3ximas sesiones de formaci\u00f3n.<\/p><a class=\"banner-item elementor-repeater-item-8b8583a item-inline  btn btn-outline btn-rounded btn-dark btn-icon btn-icon-right\" href=\"https:\/\/sff-camara.com\/es\/agenda\/\" aria-label=\"Banner Image\" ><span >Ver Agenda<\/span><i class=\"a-icon-long-arrow-right\"><\/i><\/a><\/div><\/div>\t\t\t\t<\/div>\n\t\t\t\t<\/div>\n\t\t\t\t\t\t<\/div>\r\n\t\t\t\t<\/div>\r\n\t\t\t\t\t\t\t\t<\/div>\r\n\t\t\t<\/div>\r\n\t\t\t\t\t<\/div>\n\t\t","protected":false},"excerpt":{"rendered":"<p>SFF Learning Solutions La C\u00e1mara Oficial de Comercio de Espa\u00f1a en B\u00e9lgica y Luxemburgo lleva a\u00f1os ofreciendo soluciones de formaci\u00f3n, con el objetivo de contribuir a la promoci\u00f3n del aprendizaje [&hellip;]<\/p>\n","protected":false},"author":2,"featured_media":4333,"parent":0,"menu_order":0,"comment_status":"closed","ping_status":"closed","template":"","meta":{"_acf_changed":false,"_price":"","_stock":"","_tribe_ticket_header":"","_tribe_default_ticket_provider":"","_ticket_start_date":"","_ticket_end_date":"","_tribe_ticket_show_description":"","_tribe_ticket_show_not_going":false,"_tribe_ticket_use_global_stock":"","_tribe_ticket_global_stock_level":"","_global_stock_mode":"","_global_stock_cap":"","_tribe_rsvp_for_event":"","_tribe_ticket_going_count":"","_tribe_ticket_not_going_count":"","_tribe_tickets_list":"[]","_tribe_ticket_has_attendee_info_fields":false,"footnotes":"","_tec_slr_enabled":"","_tec_slr_layout":""},"class_list":["post-8181","page","type-page","status-publish","has-post-thumbnail","hentry"],"acf":[],"yoast_head":"<!-- This site is optimized with the Yoast SEO plugin v27.1.1 - https:\/\/yoast.com\/product\/yoast-seo-wordpress\/ -->\n<title>SFF Learning Solutions | SFF<\/title>\n<meta name=\"description\" content=\"Formaciones especializadas en el sector financiero, organizadas en Luxemburgo.\" \/>\n<meta name=\"robots\" content=\"index, follow, max-snippet:-1, max-image-preview:large, max-video-preview:-1\" \/>\n<link rel=\"canonical\" href=\"https:\/\/sff-camara.com\/sff-learning-solutions\/\" \/>\n<meta property=\"og:locale\" content=\"es_ES\" \/>\n<meta property=\"og:type\" content=\"article\" \/>\n<meta property=\"og:title\" content=\"SFF Learning Solutions | SFF\" \/>\n<meta property=\"og:description\" content=\"Formaciones especializadas en el sector financiero, organizadas en Luxemburgo.\" \/>\n<meta property=\"og:url\" content=\"https:\/\/sff-camara.com\/sff-learning-solutions\/\" \/>\n<meta property=\"og:site_name\" content=\"SFF\" \/>\n<meta property=\"article:modified_time\" content=\"2023-03-29T20:31:50+00:00\" \/>\n<meta property=\"og:image\" content=\"https:\/\/sff-camara.com\/wp-content\/uploads\/2023\/01\/Logo-SFF-Learning-Solutions.jpg\" \/>\n\t<meta property=\"og:image:width\" content=\"1875\" \/>\n\t<meta property=\"og:image:height\" content=\"823\" \/>\n\t<meta property=\"og:image:type\" content=\"image\/jpeg\" \/>\n<meta name=\"twitter:card\" content=\"summary_large_image\" \/>\n<meta name=\"twitter:label1\" content=\"Tiempo de lectura\" \/>\n\t<meta name=\"twitter:data1\" content=\"2 minutos\" \/>\n<script type=\"application\/ld+json\" class=\"yoast-schema-graph\">{\"@context\":\"https:\/\/schema.org\",\"@graph\":[{\"@type\":\"WebPage\",\"@id\":\"https:\/\/sff-camara.com\/sff-learning-solutions\/\",\"url\":\"https:\/\/sff-camara.com\/sff-learning-solutions\/\",\"name\":\"SFF Learning Solutions | SFF\",\"isPartOf\":{\"@id\":\"https:\/\/sff-camara.com\/#website\"},\"primaryImageOfPage\":{\"@id\":\"https:\/\/sff-camara.com\/sff-learning-solutions\/#primaryimage\"},\"image\":{\"@id\":\"https:\/\/sff-camara.com\/sff-learning-solutions\/#primaryimage\"},\"thumbnailUrl\":\"https:\/\/sff-camara.com\/wp-content\/uploads\/2023\/01\/Logo-SFF-Learning-Solutions.jpg\",\"datePublished\":\"2022-12-05T22:01:53+00:00\",\"dateModified\":\"2023-03-29T20:31:50+00:00\",\"description\":\"Formaciones especializadas en el sector financiero, organizadas en Luxemburgo.\",\"breadcrumb\":{\"@id\":\"https:\/\/sff-camara.com\/sff-learning-solutions\/#breadcrumb\"},\"inLanguage\":\"es\",\"potentialAction\":[{\"@type\":\"ReadAction\",\"target\":[\"https:\/\/sff-camara.com\/sff-learning-solutions\/\"]}]},{\"@type\":\"ImageObject\",\"inLanguage\":\"es\",\"@id\":\"https:\/\/sff-camara.com\/sff-learning-solutions\/#primaryimage\",\"url\":\"https:\/\/sff-camara.com\/wp-content\/uploads\/2023\/01\/Logo-SFF-Learning-Solutions.jpg\",\"contentUrl\":\"https:\/\/sff-camara.com\/wp-content\/uploads\/2023\/01\/Logo-SFF-Learning-Solutions.jpg\",\"width\":1875,\"height\":823},{\"@type\":\"BreadcrumbList\",\"@id\":\"https:\/\/sff-camara.com\/sff-learning-solutions\/#breadcrumb\",\"itemListElement\":[{\"@type\":\"ListItem\",\"position\":1,\"name\":\"Home\",\"item\":\"https:\/\/sff-camara.com\/\"},{\"@type\":\"ListItem\",\"position\":2,\"name\":\"SFF Learning Solutions\"}]},{\"@type\":\"WebSite\",\"@id\":\"https:\/\/sff-camara.com\/#website\",\"url\":\"https:\/\/sff-camara.com\/\",\"name\":\"SFF\",\"description\":\"Spanish Financial Forum in Luxembourg\",\"publisher\":{\"@id\":\"https:\/\/sff-camara.com\/#organization\"},\"potentialAction\":[{\"@type\":\"SearchAction\",\"target\":{\"@type\":\"EntryPoint\",\"urlTemplate\":\"https:\/\/sff-camara.com\/?s={search_term_string}\"},\"query-input\":{\"@type\":\"PropertyValueSpecification\",\"valueRequired\":true,\"valueName\":\"search_term_string\"}}],\"inLanguage\":\"es\"},{\"@type\":\"Organization\",\"@id\":\"https:\/\/sff-camara.com\/#organization\",\"name\":\"Spanish Financial Forum in Luxembourg\",\"url\":\"https:\/\/sff-camara.com\/\",\"logo\":{\"@type\":\"ImageObject\",\"inLanguage\":\"es\",\"@id\":\"https:\/\/sff-camara.com\/#\/schema\/logo\/image\/\",\"url\":\"https:\/\/sff-camara.com\/wp-content\/uploads\/2023\/02\/cropped-LOGO-1.png\",\"contentUrl\":\"https:\/\/sff-camara.com\/wp-content\/uploads\/2023\/02\/cropped-LOGO-1.png\",\"width\":586,\"height\":222,\"caption\":\"Spanish Financial Forum in Luxembourg\"},\"image\":{\"@id\":\"https:\/\/sff-camara.com\/#\/schema\/logo\/image\/\"},\"sameAs\":[\"https:\/\/www.linkedin.com\/company\/camara-oficial-de-comercio-de-espana-en-belgica-y-luxemburgo\/\"]}]}<\/script>\n<!-- \/ Yoast SEO plugin. -->","yoast_head_json":{"title":"SFF Learning Solutions | SFF","description":"Formaciones especializadas en el sector financiero, organizadas en Luxemburgo.","robots":{"index":"index","follow":"follow","max-snippet":"max-snippet:-1","max-image-preview":"max-image-preview:large","max-video-preview":"max-video-preview:-1"},"canonical":"https:\/\/sff-camara.com\/sff-learning-solutions\/","og_locale":"es_ES","og_type":"article","og_title":"SFF Learning Solutions | SFF","og_description":"Formaciones especializadas en el sector financiero, organizadas en Luxemburgo.","og_url":"https:\/\/sff-camara.com\/sff-learning-solutions\/","og_site_name":"SFF","article_modified_time":"2023-03-29T20:31:50+00:00","og_image":[{"width":1875,"height":823,"url":"https:\/\/sff-camara.com\/wp-content\/uploads\/2023\/01\/Logo-SFF-Learning-Solutions.jpg","type":"image\/jpeg"}],"twitter_card":"summary_large_image","twitter_misc":{"Tiempo de lectura":"2 minutos"},"schema":{"@context":"https:\/\/schema.org","@graph":[{"@type":"WebPage","@id":"https:\/\/sff-camara.com\/sff-learning-solutions\/","url":"https:\/\/sff-camara.com\/sff-learning-solutions\/","name":"SFF Learning Solutions | SFF","isPartOf":{"@id":"https:\/\/sff-camara.com\/#website"},"primaryImageOfPage":{"@id":"https:\/\/sff-camara.com\/sff-learning-solutions\/#primaryimage"},"image":{"@id":"https:\/\/sff-camara.com\/sff-learning-solutions\/#primaryimage"},"thumbnailUrl":"https:\/\/sff-camara.com\/wp-content\/uploads\/2023\/01\/Logo-SFF-Learning-Solutions.jpg","datePublished":"2022-12-05T22:01:53+00:00","dateModified":"2023-03-29T20:31:50+00:00","description":"Formaciones especializadas en el sector financiero, organizadas en Luxemburgo.","breadcrumb":{"@id":"https:\/\/sff-camara.com\/sff-learning-solutions\/#breadcrumb"},"inLanguage":"es","potentialAction":[{"@type":"ReadAction","target":["https:\/\/sff-camara.com\/sff-learning-solutions\/"]}]},{"@type":"ImageObject","inLanguage":"es","@id":"https:\/\/sff-camara.com\/sff-learning-solutions\/#primaryimage","url":"https:\/\/sff-camara.com\/wp-content\/uploads\/2023\/01\/Logo-SFF-Learning-Solutions.jpg","contentUrl":"https:\/\/sff-camara.com\/wp-content\/uploads\/2023\/01\/Logo-SFF-Learning-Solutions.jpg","width":1875,"height":823},{"@type":"BreadcrumbList","@id":"https:\/\/sff-camara.com\/sff-learning-solutions\/#breadcrumb","itemListElement":[{"@type":"ListItem","position":1,"name":"Home","item":"https:\/\/sff-camara.com\/"},{"@type":"ListItem","position":2,"name":"SFF Learning Solutions"}]},{"@type":"WebSite","@id":"https:\/\/sff-camara.com\/#website","url":"https:\/\/sff-camara.com\/","name":"SFF","description":"Spanish Financial Forum in Luxembourg","publisher":{"@id":"https:\/\/sff-camara.com\/#organization"},"potentialAction":[{"@type":"SearchAction","target":{"@type":"EntryPoint","urlTemplate":"https:\/\/sff-camara.com\/?s={search_term_string}"},"query-input":{"@type":"PropertyValueSpecification","valueRequired":true,"valueName":"search_term_string"}}],"inLanguage":"es"},{"@type":"Organization","@id":"https:\/\/sff-camara.com\/#organization","name":"Spanish Financial Forum in Luxembourg","url":"https:\/\/sff-camara.com\/","logo":{"@type":"ImageObject","inLanguage":"es","@id":"https:\/\/sff-camara.com\/#\/schema\/logo\/image\/","url":"https:\/\/sff-camara.com\/wp-content\/uploads\/2023\/02\/cropped-LOGO-1.png","contentUrl":"https:\/\/sff-camara.com\/wp-content\/uploads\/2023\/02\/cropped-LOGO-1.png","width":586,"height":222,"caption":"Spanish Financial Forum in Luxembourg"},"image":{"@id":"https:\/\/sff-camara.com\/#\/schema\/logo\/image\/"},"sameAs":["https:\/\/www.linkedin.com\/company\/camara-oficial-de-comercio-de-espana-en-belgica-y-luxemburgo\/"]}]}},"ticketed":false,"_links":{"self":[{"href":"https:\/\/sff-camara.com\/es\/wp-json\/wp\/v2\/pages\/8181","targetHints":{"allow":["GET"]}}],"collection":[{"href":"https:\/\/sff-camara.com\/es\/wp-json\/wp\/v2\/pages"}],"about":[{"href":"https:\/\/sff-camara.com\/es\/wp-json\/wp\/v2\/types\/page"}],"author":[{"embeddable":true,"href":"https:\/\/sff-camara.com\/es\/wp-json\/wp\/v2\/users\/2"}],"replies":[{"embeddable":true,"href":"https:\/\/sff-camara.com\/es\/wp-json\/wp\/v2\/comments?post=8181"}],"version-history":[{"count":20,"href":"https:\/\/sff-camara.com\/es\/wp-json\/wp\/v2\/pages\/8181\/revisions"}],"predecessor-version":[{"id":9754,"href":"https:\/\/sff-camara.com\/es\/wp-json\/wp\/v2\/pages\/8181\/revisions\/9754"}],"wp:featuredmedia":[{"embeddable":true,"href":"https:\/\/sff-camara.com\/es\/wp-json\/wp\/v2\/media\/4333"}],"wp:attachment":[{"href":"https:\/\/sff-camara.com\/es\/wp-json\/wp\/v2\/media?parent=8181"}],"curies":[{"name":"wp","href":"https:\/\/api.w.org\/{rel}","templated":true}]}}